{"id":28,"date":"2025-01-31T07:59:31","date_gmt":"2025-01-31T13:59:31","guid":{"rendered":"https:\/\/games.setorreciclagem.com.br\/?page_id=28"},"modified":"2025-03-31T23:25:30","modified_gmt":"2025-04-01T02:25:30","slug":"contato","status":"publish","type":"page","link":"https:\/\/games.setorreciclagem.com.br\/de\/contato\/","title":{"rendered":"Contato"},"content":{"rendered":"<p>Agradecemos seu interesse em entrar em contato conosco. Se voc\u00ea tem d\u00favidas, sugest\u00f5es ou deseja compartilhar sua experi\u00eancia no mundo dos games, utilize as informa\u00e7\u00f5es abaixo para falar conosco:<\/p>\n\n\n\n<p><strong>E-mail:<\/strong> <a class=\"\">contato@setorreciclagem.com.br<\/a><\/p>\n\n\n\n<p>Estamos \u00e0 disposi\u00e7\u00e3o para responder suas mensagens e colaborar da melhor forma poss\u00edvel. Para mais informa\u00e7\u00f5es sobre nossos conte\u00fados e novidades, visite nosso site: <a class=\"\" href=\"https:\/\/games.setorreciclagem.com.br\/de\/\">Games Setor<\/a>.<\/p>\n\n\n\n<p><\/p>","protected":false},"excerpt":{"rendered":"<p>Agradecemos seu interesse em entrar em contato conosco. Se voc\u00ea tem d\u00favidas, sugest\u00f5es ou deseja compartilhar sua experi\u00eancia no mundo dos games, utilize as informa\u00e7\u00f5es abaixo para falar conosco: E-mail: contato@setorreciclagem.com.br Estamos \u00e0 disposi\u00e7\u00e3o para responder suas mensagens e colaborar da melhor forma poss\u00edvel. Para mais informa\u00e7\u00f5es sobre nossos conte\u00fados e novidades, visite nosso site: [&hellip;]<\/p>","protected":false},"author":2,"featured_media":17,"parent":0,"menu_order":0,"comment_status":"closed","ping_status":"closed","template":"","meta":{"footnotes":""},"class_list":["post-28","page","type-page","status-publish","has-post-thumbnail","hentry"],"blocksy_meta":[],"_links":{"self":[{"href":"https:\/\/games.setorreciclagem.com.br\/de\/wp-json\/wp\/v2\/pages\/28","targetHints":{"allow":["GET"]}}],"collection":[{"href":"https:\/\/games.setorreciclagem.com.br\/de\/wp-json\/wp\/v2\/pages"}],"about":[{"href":"https:\/\/games.setorreciclagem.com.br\/de\/wp-json\/wp\/v2\/types\/page"}],"author":[{"embeddable":true,"href":"https:\/\/games.setorreciclagem.com.br\/de\/wp-json\/wp\/v2\/users\/2"}],"replies":[{"embeddable":true,"href":"https:\/\/games.setorreciclagem.com.br\/de\/wp-json\/wp\/v2\/comments?post=28"}],"version-history":[{"count":3,"href":"https:\/\/games.setorreciclagem.com.br\/de\/wp-json\/wp\/v2\/pages\/28\/revisions"}],"predecessor-version":[{"id":169,"href":"https:\/\/games.setorreciclagem.com.br\/de\/wp-json\/wp\/v2\/pages\/28\/revisions\/169"}],"wp:featuredmedia":[{"embeddable":true,"href":"https:\/\/games.setorreciclagem.com.br\/de\/wp-json\/wp\/v2\/media\/17"}],"wp:attachment":[{"href":"https:\/\/games.setorreciclagem.com.br\/de\/wp-json\/wp\/v2\/media?parent=28"}],"curies":[{"name":"wp","href":"https:\/\/api.w.org\/{rel}","templated":true}]}}